{"id":412,"date":"2023-04-24T16:02:10","date_gmt":"2023-04-24T22:02:10","guid":{"rendered":"https:\/\/mck.tbm.mybluehost.me\/tienda\/?post_type=product&#038;p=412"},"modified":"2023-04-24T16:04:47","modified_gmt":"2023-04-24T22:04:47","slug":"house-of-marley-positive-vibration","status":"publish","type":"product","link":"https:\/\/asefyl.or.cr\/tienda\/producto\/house-of-marley-positive-vibration\/","title":{"rendered":"House of Marley Positive Vibration"},"content":{"rendered":"<ul class=\"a-unordered-list a-vertical a-spacing-mini\">\n<li><span class=\"a-list-item\">Sonido superior: con un sonido n\u00edtido y preciso, nuestros auriculares inal\u00e1mbricos Positive Vibration 2 est\u00e1n dise\u00f1ados con controladores din\u00e1micos de 1.575\u00a0in para audio de alto rendimiento.<\/span><\/li>\n<li><span class=\"a-list-item\">Comodidad premium: fabricamos nuestros auriculares inal\u00e1mbricos Positive Vibration 2 con almohadillas de felpa ultra c\u00f3modas y acolchado para la diadema para que puedas relajarte en la m\u00fasica durante horas.<\/span><\/li>\n<li><span class=\"a-list-item\">Recargable y compatible: con una potente bater\u00eda recargable, disfruta de 10 horas completas de tus listas de reproducci\u00f3n o podcasts favoritos. Compatible con iOS y Android, experimentar\u00e1s ese sonido cl\u00e1sico Marley sin importar c\u00f3mo te conectes.<\/span><\/li>\n<li><span class=\"a-list-item\">Caracter\u00edsticas pr\u00e1cticas: Vibraci\u00f3n positiva 2 Wireless ofrece un micr\u00f3fono integrado para llamadas con manos libres c\u00f3modas y activaci\u00f3n de comandos de voz, lo que los hace perfectos para tu oficina en casa. Si tu dispositivo est\u00e1 fuera de alcance, simplemente utiliza la funci\u00f3n remota para controlar el volumen y la reproducci\u00f3n.<\/span><\/li>\n<li><span class=\"a-list-item\">Materiales sostenibles: abraza tu estilo natural con el mensaje de artesan\u00eda y sostenibilidad de Marley. Nuestros auriculares inal\u00e1mbricos est\u00e1n dise\u00f1ados con madera certificada FSC, aluminio reciclable y se entregan en embalaje 100% reciclable.<\/span><\/li>\n<\/ul>\n","protected":false},"excerpt":{"rendered":"<p>Sonido superior: con un sonido n\u00edtido y preciso, nuestros auriculares inal\u00e1mbricos Positive Vibration 2 est\u00e1n dise\u00f1ados con controladores din\u00e1micos de 1.575\u00a0in para audio de alto rendimiento. Comodidad premium: fabricamos nuestros auriculares inal\u00e1mbricos Positive Vibration 2 con almohadillas de felpa ultra c\u00f3modas y acolchado para la diadema para que puedas relajarte en la m\u00fasica durante horas. &hellip;<\/p>\n<p class=\"read-more\"> <a class=\" thunk-readmore button \" href=\"https:\/\/asefyl.or.cr\/tienda\/producto\/house-of-marley-positive-vibration\/\"> <span class=\"screen-reader-text\">House of Marley Positive Vibration<\/span>Leer m\u00e1s<\/a><\/p>\n","protected":false},"featured_media":413,"comment_status":"closed","ping_status":"closed","template":"","meta":{"_monsterinsights_skip_tracking":false,"_monsterinsights_sitenote_active":false,"_monsterinsights_sitenote_note":"","_monsterinsights_sitenote_category":0},"product_brand":[],"product_cat":[49,48],"product_tag":[103,106,110,101],"class_list":{"0":"post-412","1":"product","2":"type-product","3":"status-publish","4":"has-post-thumbnail","6":"product_cat-audifonos","7":"product_cat-audio","8":"product_tag-audifonos","9":"product_tag-audio","10":"product_tag-house-of-marley","11":"product_tag-soluciones-dyr","12":"thunk-woo-product-list","13":"opn-qv-enable","14":"top-store-woo-hover-zoom","15":"top-store-single-product-tab-horizontal","16":"top-store-shadow-","17":"top-store-shadow-hover-","19":"first","20":"instock","21":"shipping-taxable","22":"purchasable","23":"product-type-simple"},"_links":{"self":[{"href":"https:\/\/asefyl.or.cr\/tienda\/wp-json\/wp\/v2\/product\/412","targetHints":{"allow":["GET"]}}],"collection":[{"href":"https:\/\/asefyl.or.cr\/tienda\/wp-json\/wp\/v2\/product"}],"about":[{"href":"https:\/\/asefyl.or.cr\/tienda\/wp-json\/wp\/v2\/types\/product"}],"replies":[{"embeddable":true,"href":"https:\/\/asefyl.or.cr\/tienda\/wp-json\/wp\/v2\/comments?post=412"}],"wp:featuredmedia":[{"embeddable":true,"href":"https:\/\/asefyl.or.cr\/tienda\/wp-json\/wp\/v2\/media\/413"}],"wp:attachment":[{"href":"https:\/\/asefyl.or.cr\/tienda\/wp-json\/wp\/v2\/media?parent=412"}],"wp:term":[{"taxonomy":"product_brand","embeddable":true,"href":"https:\/\/asefyl.or.cr\/tienda\/wp-json\/wp\/v2\/product_brand?post=412"},{"taxonomy":"product_cat","embeddable":true,"href":"https:\/\/asefyl.or.cr\/tienda\/wp-json\/wp\/v2\/product_cat?post=412"},{"taxonomy":"product_tag","embeddable":true,"href":"https:\/\/asefyl.or.cr\/tienda\/wp-json\/wp\/v2\/product_tag?post=412"}],"curies":[{"name":"wp","href":"https:\/\/api.w.org\/{rel}","templated":true}]}}