{"id":414,"date":"2023-04-24T16:05:15","date_gmt":"2023-04-24T22:05:15","guid":{"rendered":"https:\/\/mck.tbm.mybluehost.me\/tienda\/?post_type=product&#038;p=414"},"modified":"2023-04-24T16:08:34","modified_gmt":"2023-04-24T22:08:34","slug":"house-of-marley-positive-vibration-2","status":"publish","type":"product","link":"https:\/\/asefyl.or.cr\/tienda\/producto\/house-of-marley-positive-vibration-2\/","title":{"rendered":"House of Marley Positive Vibration 2"},"content":{"rendered":"<p>Positive Vibration 2 cuenta con un micr\u00f3fono con aislamiento de ruido para llamadas manos libres convenientes y funciones remotas para reproducir, pausar y saltar tu m\u00fasica con facilidad.\u00a0Disfrute de un sonido superior, comodidad de calidad y el estilo caracter\u00edstico de Marley, todo desde un producto sostenible con un prop\u00f3sito.<\/p>\n<ul>\n<li style=\"list-style-type: none;\">\n<ul>\n<li><b>SONIDO SUPERIOR:<\/b>\u00a0ac\u00fasticamente perfeccionado y equilibrado, nuestros auriculares Positive Vibration 2 cuentan con controladores din\u00e1micos de 40 mm para una claridad de audio excepcional.<\/li>\n<li><b>COMODIDAD PREMIUM:<\/b>\u00a0fabricamos nuestros auriculares Positive Vibration 2 con almohadillas de felpa ultrac\u00f3modas para que puedas relajarte con tus listas de reproducci\u00f3n favoritas durante horas.<\/li>\n<li><b>CARACTER\u00cdSTICAS CONVENIENTES:<\/b>\u00a0como el compa\u00f1ero perfecto para la oficina en casa, Positive Vibration 2 ofrece un micr\u00f3fono con aislamiento de ruido conectado a su cable sin enredos para llamadas c\u00f3modas con manos libres.\u00a0Tambi\u00e9n cuenta con funciones remotas para controlar el volumen y reproducir, pausar y saltar tu m\u00fasica con facilidad.<\/li>\n<li><b>MATERIALES SOSTENIBLES:<\/b>\u00a0Abrace su estilo natural con el mensaje de artesan\u00eda y sostenibilidad de Marley.\u00a0Nuestros auriculares est\u00e1n dise\u00f1ados con madera certificada FSC, nuestro tejido REWIND \u2122 ecol\u00f3gico, aluminio reciclable y se entregan en un embalaje 100% reciclable.<\/li>\n<\/ul>\n<\/li>\n<\/ul>\n","protected":false},"excerpt":{"rendered":"<p>Positive Vibration 2 cuenta con un micr\u00f3fono con aislamiento de ruido para llamadas manos libres convenientes y funciones remotas para reproducir, pausar y saltar tu m\u00fasica con facilidad.\u00a0Disfrute de un sonido superior, comodidad de calidad y el estilo caracter\u00edstico de Marley, todo desde un producto sostenible con un prop\u00f3sito. SONIDO SUPERIOR:\u00a0ac\u00fasticamente perfeccionado y equilibrado, nuestros &hellip;<\/p>\n<p class=\"read-more\"> <a class=\" thunk-readmore button \" href=\"https:\/\/asefyl.or.cr\/tienda\/producto\/house-of-marley-positive-vibration-2\/\"> <span class=\"screen-reader-text\">House of Marley Positive Vibration 2<\/span>Leer m\u00e1s<\/a><\/p>\n","protected":false},"featured_media":413,"comment_status":"closed","ping_status":"closed","template":"","meta":{"_monsterinsights_skip_tracking":false,"_monsterinsights_sitenote_active":false,"_monsterinsights_sitenote_note":"","_monsterinsights_sitenote_category":0},"product_brand":[],"product_cat":[49,48],"product_tag":[103,106,110,101],"class_list":{"0":"post-414","1":"product","2":"type-product","3":"status-publish","4":"has-post-thumbnail","6":"product_cat-audifonos","7":"product_cat-audio","8":"product_tag-audifonos","9":"product_tag-audio","10":"product_tag-house-of-marley","11":"product_tag-soluciones-dyr","12":"thunk-woo-product-list","13":"opn-qv-enable","14":"top-store-woo-hover-zoom","15":"top-store-single-product-tab-horizontal","16":"top-store-shadow-","17":"top-store-shadow-hover-","19":"first","20":"instock","21":"shipping-taxable","22":"purchasable","23":"product-type-simple"},"_links":{"self":[{"href":"https:\/\/asefyl.or.cr\/tienda\/wp-json\/wp\/v2\/product\/414","targetHints":{"allow":["GET"]}}],"collection":[{"href":"https:\/\/asefyl.or.cr\/tienda\/wp-json\/wp\/v2\/product"}],"about":[{"href":"https:\/\/asefyl.or.cr\/tienda\/wp-json\/wp\/v2\/types\/product"}],"replies":[{"embeddable":true,"href":"https:\/\/asefyl.or.cr\/tienda\/wp-json\/wp\/v2\/comments?post=414"}],"wp:featuredmedia":[{"embeddable":true,"href":"https:\/\/asefyl.or.cr\/tienda\/wp-json\/wp\/v2\/media\/413"}],"wp:attachment":[{"href":"https:\/\/asefyl.or.cr\/tienda\/wp-json\/wp\/v2\/media?parent=414"}],"wp:term":[{"taxonomy":"product_brand","embeddable":true,"href":"https:\/\/asefyl.or.cr\/tienda\/wp-json\/wp\/v2\/product_brand?post=414"},{"taxonomy":"product_cat","embeddable":true,"href":"https:\/\/asefyl.or.cr\/tienda\/wp-json\/wp\/v2\/product_cat?post=414"},{"taxonomy":"product_tag","embeddable":true,"href":"https:\/\/asefyl.or.cr\/tienda\/wp-json\/wp\/v2\/product_tag?post=414"}],"curies":[{"name":"wp","href":"https:\/\/api.w.org\/{rel}","templated":true}]}}