{"id":853,"date":"2023-11-20T08:29:05","date_gmt":"2023-11-20T14:29:05","guid":{"rendered":"https:\/\/mck.tbm.mybluehost.me\/tienda\/?post_type=product&#038;p=853"},"modified":"2023-11-20T08:29:05","modified_gmt":"2023-11-20T14:29:05","slug":"hyaluronic-acid-2-b5","status":"publish","type":"product","link":"https:\/\/asefyl.or.cr\/tienda\/producto\/hyaluronic-acid-2-b5\/","title":{"rendered":"Hyaluronic acid 2% + B5"},"content":{"rendered":"","protected":false},"excerpt":{"rendered":"<p>Es un suero ligero a base de agua formulado con una combinaci\u00f3n de \u00e1cido hialur\u00f3nico de bajo, medio y alto peso molecular, y un pol\u00edmero cruzado de \u00e1cido hialur\u00f3nico para una hidrataci\u00f3n en profundidad.<br \/>\nSus beneficios son:<\/p>\n<p>&#8211; Hidrata y suaviza la piel.<br \/>\n&#8211; Ayuda a reparar lesiones.<br \/>\n&#8211; Aporta hidrataci\u00f3n profunda.<br \/>\n&#8211; Rellena l\u00edneas de expresi\u00f3n.<\/p>\n","protected":false},"featured_media":854,"comment_status":"closed","ping_status":"closed","template":"","meta":{"_monsterinsights_skip_tracking":false,"_monsterinsights_sitenote_active":false,"_monsterinsights_sitenote_note":"","_monsterinsights_sitenote_category":0},"product_brand":[],"product_cat":[132],"product_tag":[],"class_list":{"0":"post-853","1":"product","2":"type-product","3":"status-publish","4":"has-post-thumbnail","6":"product_cat-skincare","7":"thunk-woo-product-list","8":"opn-qv-enable","9":"top-store-woo-hover-zoom","10":"top-store-single-product-tab-horizontal","11":"top-store-shadow-","12":"top-store-shadow-hover-","14":"first","15":"instock","16":"shipping-taxable","17":"purchasable","18":"product-type-simple"},"_links":{"self":[{"href":"https:\/\/asefyl.or.cr\/tienda\/wp-json\/wp\/v2\/product\/853","targetHints":{"allow":["GET"]}}],"collection":[{"href":"https:\/\/asefyl.or.cr\/tienda\/wp-json\/wp\/v2\/product"}],"about":[{"href":"https:\/\/asefyl.or.cr\/tienda\/wp-json\/wp\/v2\/types\/product"}],"replies":[{"embeddable":true,"href":"https:\/\/asefyl.or.cr\/tienda\/wp-json\/wp\/v2\/comments?post=853"}],"wp:featuredmedia":[{"embeddable":true,"href":"https:\/\/asefyl.or.cr\/tienda\/wp-json\/wp\/v2\/media\/854"}],"wp:attachment":[{"href":"https:\/\/asefyl.or.cr\/tienda\/wp-json\/wp\/v2\/media?parent=853"}],"wp:term":[{"taxonomy":"product_brand","embeddable":true,"href":"https:\/\/asefyl.or.cr\/tienda\/wp-json\/wp\/v2\/product_brand?post=853"},{"taxonomy":"product_cat","embeddable":true,"href":"https:\/\/asefyl.or.cr\/tienda\/wp-json\/wp\/v2\/product_cat?post=853"},{"taxonomy":"product_tag","embeddable":true,"href":"https:\/\/asefyl.or.cr\/tienda\/wp-json\/wp\/v2\/product_tag?post=853"}],"curies":[{"name":"wp","href":"https:\/\/api.w.org\/{rel}","templated":true}]}}