{"id":858,"date":"2023-11-20T08:44:56","date_gmt":"2023-11-20T14:44:56","guid":{"rendered":"https:\/\/mck.tbm.mybluehost.me\/tienda\/?post_type=product&#038;p=858"},"modified":"2023-11-20T08:46:46","modified_gmt":"2023-11-20T14:46:46","slug":"salicylic-acid-2-solution","status":"publish","type":"product","link":"https:\/\/asefyl.or.cr\/tienda\/producto\/salicylic-acid-2-solution\/","title":{"rendered":"Salicylic acid 2% Solution"},"content":{"rendered":"","protected":false},"excerpt":{"rendered":"<p>Un suero exfoliante a base de agua formulado con \u00e1cido salic\u00edlico para eliminar las c\u00e9lulas muertas de la piel, que contribuyen a la obstrucci\u00f3n de los poros. Conocido como el enemigo #1 del acn\u00e9, espinillas y puntos negros.<br \/>\nSus beneficios son:<\/p>\n<p>&#8211; Descongestiona los poros obstruidos.<br \/>\n&#8211; Elimina espinillas y puntos negros.<br \/>\n&#8211; Exfolia la piel.<br \/>\n&#8211; Estimula la producci\u00f3n de piel nueva.<\/p>\n","protected":false},"featured_media":859,"comment_status":"closed","ping_status":"closed","template":"","meta":{"_monsterinsights_skip_tracking":false,"_monsterinsights_sitenote_active":false,"_monsterinsights_sitenote_note":"","_monsterinsights_sitenote_category":0},"product_brand":[],"product_cat":[132],"product_tag":[],"class_list":{"0":"post-858","1":"product","2":"type-product","3":"status-publish","4":"has-post-thumbnail","6":"product_cat-skincare","7":"thunk-woo-product-list","8":"opn-qv-enable","9":"top-store-woo-hover-zoom","10":"top-store-single-product-tab-horizontal","11":"top-store-shadow-","12":"top-store-shadow-hover-","14":"first","15":"instock","16":"shipping-taxable","17":"purchasable","18":"product-type-simple"},"_links":{"self":[{"href":"https:\/\/asefyl.or.cr\/tienda\/wp-json\/wp\/v2\/product\/858","targetHints":{"allow":["GET"]}}],"collection":[{"href":"https:\/\/asefyl.or.cr\/tienda\/wp-json\/wp\/v2\/product"}],"about":[{"href":"https:\/\/asefyl.or.cr\/tienda\/wp-json\/wp\/v2\/types\/product"}],"replies":[{"embeddable":true,"href":"https:\/\/asefyl.or.cr\/tienda\/wp-json\/wp\/v2\/comments?post=858"}],"wp:featuredmedia":[{"embeddable":true,"href":"https:\/\/asefyl.or.cr\/tienda\/wp-json\/wp\/v2\/media\/859"}],"wp:attachment":[{"href":"https:\/\/asefyl.or.cr\/tienda\/wp-json\/wp\/v2\/media?parent=858"}],"wp:term":[{"taxonomy":"product_brand","embeddable":true,"href":"https:\/\/asefyl.or.cr\/tienda\/wp-json\/wp\/v2\/product_brand?post=858"},{"taxonomy":"product_cat","embeddable":true,"href":"https:\/\/asefyl.or.cr\/tienda\/wp-json\/wp\/v2\/product_cat?post=858"},{"taxonomy":"product_tag","embeddable":true,"href":"https:\/\/asefyl.or.cr\/tienda\/wp-json\/wp\/v2\/product_tag?post=858"}],"curies":[{"name":"wp","href":"https:\/\/api.w.org\/{rel}","templated":true}]}}