{"id":863,"date":"2023-11-20T08:52:13","date_gmt":"2023-11-20T14:52:13","guid":{"rendered":"https:\/\/mck.tbm.mybluehost.me\/tienda\/?post_type=product&#038;p=863"},"modified":"2023-11-20T08:52:13","modified_gmt":"2023-11-20T14:52:13","slug":"retinol-0-2-in-squalane","status":"publish","type":"product","link":"https:\/\/asefyl.or.cr\/tienda\/producto\/retinol-0-2-in-squalane\/","title":{"rendered":"Retinol 0.2% in Squalane"},"content":{"rendered":"<p>Nombre:<br \/>\nPrecio: 9.000 colones,<br \/>\nDescripcion del producto:<\/p>\n","protected":false},"excerpt":{"rendered":"<p>Esta soluci\u00f3n sin agua contiene un 0,2% de retinol puro, un ingrediente que puede reducir las apariencias de l\u00edneas finas, de da\u00f1o fotogr\u00e1fico y del envejecimiento general de la piel.<br \/>\nSus beneficios son:<\/p>\n<p>&#8211; Minimiza las l\u00edneas finas.<br \/>\n&#8211; Mejora los problemas de pigmentaci\u00f3n.<br \/>\n&#8211; Revitaliza la piel.<br \/>\n&#8211; Ayuda a eliminar manchas y marcas de acn\u00e9.<br \/>\n&#8211; Soluci\u00f3n m\u00e1s suave que el retinol de 0.5% lo cual lo hace perfecto para empezar a usar retinoides.<\/p>\n","protected":false},"featured_media":864,"comment_status":"closed","ping_status":"closed","template":"","meta":{"_monsterinsights_skip_tracking":false,"_monsterinsights_sitenote_active":false,"_monsterinsights_sitenote_note":"","_monsterinsights_sitenote_category":0},"product_brand":[],"product_cat":[132],"product_tag":[],"class_list":{"0":"post-863","1":"product","2":"type-product","3":"status-publish","4":"has-post-thumbnail","6":"product_cat-skincare","7":"thunk-woo-product-list","8":"opn-qv-enable","9":"top-store-woo-hover-zoom","10":"top-store-single-product-tab-horizontal","11":"top-store-shadow-","12":"top-store-shadow-hover-","14":"first","15":"instock","16":"shipping-taxable","17":"purchasable","18":"product-type-simple"},"_links":{"self":[{"href":"https:\/\/asefyl.or.cr\/tienda\/wp-json\/wp\/v2\/product\/863","targetHints":{"allow":["GET"]}}],"collection":[{"href":"https:\/\/asefyl.or.cr\/tienda\/wp-json\/wp\/v2\/product"}],"about":[{"href":"https:\/\/asefyl.or.cr\/tienda\/wp-json\/wp\/v2\/types\/product"}],"replies":[{"embeddable":true,"href":"https:\/\/asefyl.or.cr\/tienda\/wp-json\/wp\/v2\/comments?post=863"}],"wp:featuredmedia":[{"embeddable":true,"href":"https:\/\/asefyl.or.cr\/tienda\/wp-json\/wp\/v2\/media\/864"}],"wp:attachment":[{"href":"https:\/\/asefyl.or.cr\/tienda\/wp-json\/wp\/v2\/media?parent=863"}],"wp:term":[{"taxonomy":"product_brand","embeddable":true,"href":"https:\/\/asefyl.or.cr\/tienda\/wp-json\/wp\/v2\/product_brand?post=863"},{"taxonomy":"product_cat","embeddable":true,"href":"https:\/\/asefyl.or.cr\/tienda\/wp-json\/wp\/v2\/product_cat?post=863"},{"taxonomy":"product_tag","embeddable":true,"href":"https:\/\/asefyl.or.cr\/tienda\/wp-json\/wp\/v2\/product_tag?post=863"}],"curies":[{"name":"wp","href":"https:\/\/api.w.org\/{rel}","templated":true}]}}