{"id":887,"date":"2023-11-20T10:41:12","date_gmt":"2023-11-20T16:41:12","guid":{"rendered":"https:\/\/mck.tbm.mybluehost.me\/tienda\/?post_type=product&#038;p=887"},"modified":"2023-11-20T10:41:13","modified_gmt":"2023-11-20T16:41:13","slug":"matrixyl-10-ha","status":"publish","type":"product","link":"https:\/\/asefyl.or.cr\/tienda\/producto\/matrixyl-10-ha\/","title":{"rendered":"Matrixyl 10% + HA"},"content":{"rendered":"","protected":false},"excerpt":{"rendered":"<p>Es un suero ligero rico en Matrixyl que es un complejo de p\u00e9ptidos bien estudiado que reduce el aspecto de las arrugas est\u00e1ticas y din\u00e1micas.<\/p>\n<p>Sus beneficios son:<\/p>\n<p>-Combate los signos visibles del envejecimiento<br \/>\n-Reduce el aspecto de las arrugas<br \/>\n-Mejora el aspecto de la firmeza de la piel<br \/>\n-PH 5.00-6.00<br \/>\n-Sin crueldad<\/p>\n","protected":false},"featured_media":889,"comment_status":"closed","ping_status":"closed","template":"","meta":{"_monsterinsights_skip_tracking":false,"_monsterinsights_sitenote_active":false,"_monsterinsights_sitenote_note":"","_monsterinsights_sitenote_category":0},"product_brand":[],"product_cat":[132],"product_tag":[],"class_list":{"0":"post-887","1":"product","2":"type-product","3":"status-publish","4":"has-post-thumbnail","6":"product_cat-skincare","7":"thunk-woo-product-list","8":"opn-qv-enable","9":"top-store-woo-hover-zoom","10":"top-store-single-product-tab-horizontal","11":"top-store-shadow-","12":"top-store-shadow-hover-","14":"first","15":"instock","16":"shipping-taxable","17":"purchasable","18":"product-type-simple"},"_links":{"self":[{"href":"https:\/\/asefyl.or.cr\/tienda\/wp-json\/wp\/v2\/product\/887","targetHints":{"allow":["GET"]}}],"collection":[{"href":"https:\/\/asefyl.or.cr\/tienda\/wp-json\/wp\/v2\/product"}],"about":[{"href":"https:\/\/asefyl.or.cr\/tienda\/wp-json\/wp\/v2\/types\/product"}],"replies":[{"embeddable":true,"href":"https:\/\/asefyl.or.cr\/tienda\/wp-json\/wp\/v2\/comments?post=887"}],"wp:featuredmedia":[{"embeddable":true,"href":"https:\/\/asefyl.or.cr\/tienda\/wp-json\/wp\/v2\/media\/889"}],"wp:attachment":[{"href":"https:\/\/asefyl.or.cr\/tienda\/wp-json\/wp\/v2\/media?parent=887"}],"wp:term":[{"taxonomy":"product_brand","embeddable":true,"href":"https:\/\/asefyl.or.cr\/tienda\/wp-json\/wp\/v2\/product_brand?post=887"},{"taxonomy":"product_cat","embeddable":true,"href":"https:\/\/asefyl.or.cr\/tienda\/wp-json\/wp\/v2\/product_cat?post=887"},{"taxonomy":"product_tag","embeddable":true,"href":"https:\/\/asefyl.or.cr\/tienda\/wp-json\/wp\/v2\/product_tag?post=887"}],"curies":[{"name":"wp","href":"https:\/\/api.w.org\/{rel}","templated":true}]}}